{"id":2225,"date":"2025-11-30T18:13:24","date_gmt":"2025-11-30T18:13:24","guid":{"rendered":"https:\/\/astres-espace.fr\/?page_id=2225"},"modified":"2026-01-04T16:24:38","modified_gmt":"2026-01-04T15:24:38","slug":"gt-international","status":"publish","type":"page","link":"https:\/\/astres-espace.fr\/index.php\/gt-international\/","title":{"rendered":"GT International"},"content":{"rendered":"\n<div style=\"height:100px\" aria-hidden=\"true\" class=\"wp-block-spacer\"><\/div>\n\n\n\n<p>Le GT International explore les collaborations internationales bas\u00e9es sur les activit\u00e9s spatiales et s\u2019int\u00e9resse \u00e0 la diversit\u00e9 des strat\u00e9gies spatiales nationales et r\u00e9gionales \u00e0 l\u2019\u00e9chelle du globe.<\/p>\n\n\n\n<div style=\"height:50px\" aria-hidden=\"true\" class=\"wp-block-spacer\"><\/div>\n\n\n\n<div class=\"wp-block-group is-layout-constrained wp-block-group-is-layout-constrained\">\n<h4 class=\"wp-block-heading has-text-align-left has-content-heading-font-size\">Nos derni\u00e8res publications<\/h4>\n\n\n\n<div data-wp-context=\"{}\" data-wp-interactive=\"core\/query\" data-wp-key=\"4\" data-wp-router-region=\"query-4\" class=\"wp-block-query alignwide is-layout-flow wp-block-query-is-layout-flow\"><ul style=\"border-style:none;border-width:0px;\" class=\"columns-3 wp-block-post-template is-layout-grid wp-container-core-post-template-is-layout-5ea8a06c wp-block-post-template-is-layout-grid\"><li data-wp-key=\"post-template-item-2593\" class=\"wp-block-post post-2593 post type-post status-publish format-standard has-post-thumbnail hentry category-a-propos-de-lassociation category-evenements tag-gt-culture-spatiale tag-gt-developpement-durable tag-gt-energie-espace tag-gt-exploration-spatiale tag-gt-financement tag-gt-gouvernance tag-gt-international tag-gt-lanceurs-transport-spatial tag-gt-securite-defense\">\n\n<section class=\"wp-block-cover has-custom-content-position is-position-top-left\" style=\"border-width:1px;min-height:260px;aspect-ratio:unset;\"><span aria-hidden=\"true\" class=\"wp-block-cover__background has-ti-bg-inv-background-color has-background-dim-90 has-background-dim\"><\/span><img loading=\"lazy\" decoding=\"async\" width=\"800\" height=\"1000\" src=\"https:\/\/astres-espace.fr\/wp-content\/uploads\/2026\/01\/1758725709015.jpg\" class=\"wp-block-cover__image-background wp-post-image\" alt=\"\" data-object-fit=\"cover\" srcset=\"https:\/\/astres-espace.fr\/wp-content\/uploads\/2026\/01\/1758725709015.jpg 800w, https:\/\/astres-espace.fr\/wp-content\/uploads\/2026\/01\/1758725709015-240x300.jpg 240w, https:\/\/astres-espace.fr\/wp-content\/uploads\/2026\/01\/1758725709015-768x960.jpg 768w\" sizes=\"auto, (max-width: 800px) 100vw, 800px\" \/><div class=\"wp-block-cover__inner-container is-layout-flow wp-block-cover-is-layout-flow\"><h3 class=\"has-link-color wp-elements-5b89d8e2f1c3ee9f0edc63cf812d4b3a wp-block-post-title\"><a href=\"https:\/\/astres-espace.fr\/index.php\/les-conferences-de-rentree-2026-sur-youtube\/\" target=\"_self\" >Les Conf\u00e9rences de Rentr\u00e9e 2026 sur Youtube<\/a><\/h3>\n\n<div class=\"wp-block-post-date has-small-font-size\"><time datetime=\"2026-01-01T21:47:00+01:00\">janvier 1, 2026<\/time><\/div><\/div><\/section>\n\n<\/li><li data-wp-key=\"post-template-item-1731\" class=\"wp-block-post post-1731 post type-post status-publish format-standard hentry category-analyses tag-gt-culture-spatiale tag-gt-energie-espace tag-gt-exploration-spatiale tag-gt-financement tag-gt-gouvernance tag-gt-international tag-gt-lanceurs-transport-spatial tag-gt-securite-defense\">\n\n<section class=\"wp-block-cover has-custom-content-position is-position-top-left\" style=\"border-width:1px;min-height:260px;aspect-ratio:unset;\"><span aria-hidden=\"true\" class=\"wp-block-cover__background has-ti-bg-inv-background-color has-background-dim-90 has-background-dim\"><\/span><div class=\"wp-block-cover__inner-container is-layout-flow wp-block-cover-is-layout-flow\"><h3 class=\"has-link-color wp-elements-5b89d8e2f1c3ee9f0edc63cf812d4b3a wp-block-post-title\"><a href=\"https:\/\/astres-espace.fr\/index.php\/rapport-nexus-alpha\/\" target=\"_self\" >Rapport Nexus Alpha<\/a><\/h3>\n\n<div class=\"wp-block-post-date has-small-font-size\"><time datetime=\"2025-06-14T11:47:52+02:00\">juin 14, 2025<\/time><\/div><\/div><\/section>\n\n<\/li><li data-wp-key=\"post-template-item-1706\" class=\"wp-block-post post-1706 post type-post status-publish format-standard has-post-thumbnail hentry category-evenements tag-gt-developpement-durable tag-gt-energie-espace tag-gt-exploration-spatiale tag-gt-financement tag-gt-gouvernance tag-gt-international tag-gt-lanceurs-transport-spatial tag-gt-securite-defense\">\n\n<section class=\"wp-block-cover has-custom-content-position is-position-top-left\" style=\"border-width:1px;min-height:260px;aspect-ratio:unset;\"><span aria-hidden=\"true\" class=\"wp-block-cover__background has-ti-bg-inv-background-color has-background-dim-90 has-background-dim\"><\/span><img loading=\"lazy\" decoding=\"async\" width=\"1024\" height=\"1280\" src=\"https:\/\/astres-espace.fr\/wp-content\/uploads\/2025\/06\/PAF2025.jpg\" class=\"wp-block-cover__image-background wp-post-image\" alt=\"\" data-object-fit=\"cover\" srcset=\"https:\/\/astres-espace.fr\/wp-content\/uploads\/2025\/06\/PAF2025.jpg 1024w, https:\/\/astres-espace.fr\/wp-content\/uploads\/2025\/06\/PAF2025-240x300.jpg 240w, https:\/\/astres-espace.fr\/wp-content\/uploads\/2025\/06\/PAF2025-819x1024.jpg 819w, https:\/\/astres-espace.fr\/wp-content\/uploads\/2025\/06\/PAF2025-768x960.jpg 768w\" sizes=\"auto, (max-width: 1024px) 100vw, 1024px\" \/><div class=\"wp-block-cover__inner-container is-layout-flow wp-block-cover-is-layout-flow\"><h3 class=\"has-link-color wp-elements-5b89d8e2f1c3ee9f0edc63cf812d4b3a wp-block-post-title\"><a href=\"https:\/\/astres-espace.fr\/index.php\/astres-au-paris-air-forum-2025-la-jeunesse-spatiale-prend-la-parole\/\" target=\"_self\" >ASTRES au Paris Air Forum 2025<\/a><\/h3>\n\n<div class=\"wp-block-post-date has-small-font-size\"><time datetime=\"2025-06-09T19:50:40+02:00\">juin 9, 2025<\/time><\/div><\/div><\/section>\n\n<\/li><\/ul><\/div>\n<\/div>\n\n\n\n<div style=\"height:50px\" aria-hidden=\"true\" class=\"wp-block-spacer\"><\/div>\n\n\n\n<h4 class=\"wp-block-heading\">Nos travaux en cours<\/h4>\n\n\n\n<p>Nous poursuivons notre axe de r\u00e9flexion sur les collaborations entre le secteur spatial fran\u00e7ais\/europ\u00e9en et le secteur spatial africain, sur l\u2019\u00e9mergence de l\u2019agence spatiale africaine et sur ses perspectives. <\/p>\n\n\n\n<p>En collaboration avec le GT culture, nous d\u00e9veloppons l\u2019axe \u00ab international \u00bb du projet \u00ab spatial pour les Outre-mer \u00bb en d\u00e9veloppant un axe de r\u00e9flexion d\u2019une part sur le r\u00f4le des Outre-mer pour le rayonnement international de la France mais \u00e9galement les possibilit\u00e9s de diplomatie scientifique au niveau r\u00e9gional dans les diff\u00e9rentes zones (rayonnement spatial et formation en Am\u00e9rique du Sud, Oc\u00e9an Indien,\u2026).<\/p>\n\n\n\n<div style=\"height:50px\" aria-hidden=\"true\" class=\"wp-block-spacer\"><\/div>\n\n\n\n<div class=\"wp-block-cover has-foreground-color has-text-color has-link-color wp-elements-ab90d6c1151f7df47168146a9a5c8749\"><span aria-hidden=\"true\" class=\"wp-block-cover__background has-background-background-color has-background-dim-70 has-background-dim\"><\/span><img loading=\"lazy\" decoding=\"async\" width=\"800\" height=\"800\" src=\"https:\/\/astres-espace.fr\/wp-content\/uploads\/2025\/01\/18.png\" class=\"wp-block-cover__image-background wp-post-image\" alt=\"\" data-object-fit=\"cover\" srcset=\"https:\/\/astres-espace.fr\/wp-content\/uploads\/2025\/01\/18.png 800w, https:\/\/astres-espace.fr\/wp-content\/uploads\/2025\/01\/18-300x300.png 300w, https:\/\/astres-espace.fr\/wp-content\/uploads\/2025\/01\/18-150x150.png 150w, https:\/\/astres-espace.fr\/wp-content\/uploads\/2025\/01\/18-768x768.png 768w\" sizes=\"auto, (max-width: 800px) 100vw, 800px\" \/><div class=\"wp-block-cover__inner-container is-layout-constrained wp-block-cover-is-layout-constrained\">\n<div class=\"wp-block-media-text is-stacked-on-mobile\" style=\"grid-template-columns:25% auto\"><figure class=\"wp-block-media-text__media\"><img loading=\"lazy\" decoding=\"async\" width=\"800\" height=\"800\" src=\"https:\/\/astres-espace.fr\/wp-content\/uploads\/2025\/11\/image-1.png\" alt=\"\" class=\"wp-image-2226 size-full\" srcset=\"https:\/\/astres-espace.fr\/wp-content\/uploads\/2025\/11\/image-1.png 800w, https:\/\/astres-espace.fr\/wp-content\/uploads\/2025\/11\/image-1-300x300.png 300w, https:\/\/astres-espace.fr\/wp-content\/uploads\/2025\/11\/image-1-150x150.png 150w, https:\/\/astres-espace.fr\/wp-content\/uploads\/2025\/11\/image-1-768x768.png 768w, https:\/\/astres-espace.fr\/wp-content\/uploads\/2025\/11\/image-1-100x100.png 100w\" sizes=\"auto, (max-width: 800px) 100vw, 800px\" \/><\/figure><div class=\"wp-block-media-text__content\">\n<h4 class=\"wp-block-heading\"><strong>En savoir plus<\/strong><\/h4>\n\n\n\n<p><strong>Charline<\/strong>, r\u00e9f\u00e9rente du GT International<\/p>\n\n\n\n<ul class=\"wp-block-social-links is-layout-flex wp-block-social-links-is-layout-flex\"><li class=\"wp-social-link wp-social-link-linkedin  wp-block-social-link\"><a href=\"https:\/\/www.linkedin.com\/in\/charline-coudry\/\" class=\"wp-block-social-link-anchor\"><svg width=\"24\" height=\"24\" viewBox=\"0 0 24 24\" version=\"1.1\" xmlns=\"http:\/\/www.w3.org\/2000\/svg\" aria-hidden=\"true\" focusable=\"false\"><path d=\"M19.7,3H4.3C3.582,3,3,3.582,3,4.3v15.4C3,20.418,3.582,21,4.3,21h15.4c0.718,0,1.3-0.582,1.3-1.3V4.3 C21,3.582,20.418,3,19.7,3z M8.339,18.338H5.667v-8.59h2.672V18.338z M7.004,8.574c-0.857,0-1.549-0.694-1.549-1.548 c0-0.855,0.691-1.548,1.549-1.548c0.854,0,1.547,0.694,1.547,1.548C8.551,7.881,7.858,8.574,7.004,8.574z M18.339,18.338h-2.669 v-4.177c0-0.996-0.017-2.278-1.387-2.278c-1.389,0-1.601,1.086-1.601,2.206v4.249h-2.667v-8.59h2.559v1.174h0.037 c0.356-0.675,1.227-1.387,2.526-1.387c2.703,0,3.203,1.779,3.203,4.092V18.338z\"><\/path><\/svg><span class=\"wp-block-social-link-label screen-reader-text\">LinkedIn<\/span><\/a><\/li><\/ul>\n<\/div><\/div>\n<\/div><\/div>\n","protected":false},"excerpt":{"rendered":"<p>Le GT International explore les collaborations internationales bas\u00e9es sur les activit\u00e9s spatiales et s\u2019int\u00e9resse \u00e0 la diversit\u00e9 des strat\u00e9gies spatiales nationales et r\u00e9gionales \u00e0 l\u2019\u00e9chelle du globe. Nos derni\u00e8res publications Nos travaux en cours Nous poursuivons notre axe de r\u00e9flexion sur les collaborations entre le secteur spatial fran\u00e7ais\/europ\u00e9en et le secteur spatial africain, sur l\u2019\u00e9mergence [&hellip;]<\/p>\n","protected":false},"author":1,"featured_media":1320,"parent":0,"menu_order":0,"comment_status":"closed","ping_status":"closed","template":"page-gt","meta":{"footnotes":""},"class_list":["post-2225","page","type-page","status-publish","has-post-thumbnail","hentry"],"_links":{"self":[{"href":"https:\/\/astres-espace.fr\/index.php\/wp-json\/wp\/v2\/pages\/2225","targetHints":{"allow":["GET"]}}],"collection":[{"href":"https:\/\/astres-espace.fr\/index.php\/wp-json\/wp\/v2\/pages"}],"about":[{"href":"https:\/\/astres-espace.fr\/index.php\/wp-json\/wp\/v2\/types\/page"}],"author":[{"embeddable":true,"href":"https:\/\/astres-espace.fr\/index.php\/wp-json\/wp\/v2\/users\/1"}],"replies":[{"embeddable":true,"href":"https:\/\/astres-espace.fr\/index.php\/wp-json\/wp\/v2\/comments?post=2225"}],"version-history":[{"count":5,"href":"https:\/\/astres-espace.fr\/index.php\/wp-json\/wp\/v2\/pages\/2225\/revisions"}],"predecessor-version":[{"id":2539,"href":"https:\/\/astres-espace.fr\/index.php\/wp-json\/wp\/v2\/pages\/2225\/revisions\/2539"}],"wp:featuredmedia":[{"embeddable":true,"href":"https:\/\/astres-espace.fr\/index.php\/wp-json\/wp\/v2\/media\/1320"}],"wp:attachment":[{"href":"https:\/\/astres-espace.fr\/index.php\/wp-json\/wp\/v2\/media?parent=2225"}],"curies":[{"name":"wp","href":"https:\/\/api.w.org\/{rel}","templated":true}]}}