{"id":2151,"date":"2025-09-27T16:01:52","date_gmt":"2025-09-27T16:01:52","guid":{"rendered":"https:\/\/astres-espace.fr\/?page_id=2151"},"modified":"2026-01-04T16:23:33","modified_gmt":"2026-01-04T15:23:33","slug":"gt-culture-spatiale","status":"publish","type":"page","link":"https:\/\/astres-espace.fr\/index.php\/gt-culture-spatiale\/","title":{"rendered":"GT CULTURE SPATIALE"},"content":{"rendered":"\n<div class=\"wp-block-group is-layout-constrained wp-block-group-is-layout-constrained\">\n<h4 class=\"wp-block-heading\">Nos derni\u00e8res publications<\/h4>\n\n\n\n<div data-wp-context=\"{}\" data-wp-interactive=\"core\/query\" data-wp-key=\"4\" data-wp-router-region=\"query-4\" class=\"wp-block-query alignwide is-layout-flow wp-block-query-is-layout-flow\"><ul style=\"border-style:none;border-width:0px;\" class=\"columns-3 wp-block-post-template is-layout-grid wp-container-core-post-template-is-layout-5ea8a06c wp-block-post-template-is-layout-grid\"><li data-wp-key=\"post-template-item-2593\" class=\"wp-block-post post-2593 post type-post status-publish format-standard has-post-thumbnail hentry category-a-propos-de-lassociation category-evenements tag-gt-culture-spatiale tag-gt-developpement-durable tag-gt-energie-espace tag-gt-exploration-spatiale tag-gt-financement tag-gt-gouvernance tag-gt-international tag-gt-lanceurs-transport-spatial tag-gt-securite-defense\">\n\n<section class=\"wp-block-cover has-custom-content-position is-position-top-left\" style=\"border-width:1px;min-height:260px;aspect-ratio:unset;\"><span aria-hidden=\"true\" class=\"wp-block-cover__background has-ti-bg-inv-background-color has-background-dim-90 has-background-dim\"><\/span><img loading=\"lazy\" decoding=\"async\" width=\"800\" height=\"1000\" src=\"https:\/\/astres-espace.fr\/wp-content\/uploads\/2026\/01\/1758725709015.jpg\" class=\"wp-block-cover__image-background wp-post-image\" alt=\"\" data-object-fit=\"cover\" srcset=\"https:\/\/astres-espace.fr\/wp-content\/uploads\/2026\/01\/1758725709015.jpg 800w, https:\/\/astres-espace.fr\/wp-content\/uploads\/2026\/01\/1758725709015-240x300.jpg 240w, https:\/\/astres-espace.fr\/wp-content\/uploads\/2026\/01\/1758725709015-768x960.jpg 768w\" sizes=\"auto, (max-width: 800px) 100vw, 800px\" \/><div class=\"wp-block-cover__inner-container is-layout-flow wp-block-cover-is-layout-flow\"><h3 class=\"has-link-color wp-elements-5b89d8e2f1c3ee9f0edc63cf812d4b3a wp-block-post-title\"><a href=\"https:\/\/astres-espace.fr\/index.php\/les-conferences-de-rentree-2026-sur-youtube\/\" target=\"_self\" >Les Conf\u00e9rences de Rentr\u00e9e 2026 sur Youtube<\/a><\/h3>\n\n<div class=\"wp-block-post-date has-small-font-size\"><time datetime=\"2026-01-01T21:47:00+01:00\">janvier 1, 2026<\/time><\/div><\/div><\/section>\n\n<\/li><li data-wp-key=\"post-template-item-1731\" class=\"wp-block-post post-1731 post type-post status-publish format-standard hentry category-analyses tag-gt-culture-spatiale tag-gt-energie-espace tag-gt-exploration-spatiale tag-gt-financement tag-gt-gouvernance tag-gt-international tag-gt-lanceurs-transport-spatial tag-gt-securite-defense\">\n\n<section class=\"wp-block-cover has-custom-content-position is-position-top-left\" style=\"border-width:1px;min-height:260px;aspect-ratio:unset;\"><span aria-hidden=\"true\" class=\"wp-block-cover__background has-ti-bg-inv-background-color has-background-dim-90 has-background-dim\"><\/span><div class=\"wp-block-cover__inner-container is-layout-flow wp-block-cover-is-layout-flow\"><h3 class=\"has-link-color wp-elements-5b89d8e2f1c3ee9f0edc63cf812d4b3a wp-block-post-title\"><a href=\"https:\/\/astres-espace.fr\/index.php\/rapport-nexus-alpha\/\" target=\"_self\" >Rapport Nexus Alpha<\/a><\/h3>\n\n<div class=\"wp-block-post-date has-small-font-size\"><time datetime=\"2025-06-14T11:47:52+02:00\">juin 14, 2025<\/time><\/div><\/div><\/section>\n\n<\/li><li data-wp-key=\"post-template-item-1680\" class=\"wp-block-post post-1680 post type-post status-publish format-standard has-post-thumbnail hentry category-analyses tag-gt-culture-spatiale\">\n\n<section class=\"wp-block-cover has-custom-content-position is-position-top-left\" style=\"border-width:1px;min-height:260px;aspect-ratio:unset;\"><span aria-hidden=\"true\" class=\"wp-block-cover__background has-ti-bg-inv-background-color has-background-dim-90 has-background-dim\"><\/span><img loading=\"lazy\" decoding=\"async\" width=\"2560\" height=\"806\" src=\"https:\/\/astres-espace.fr\/wp-content\/uploads\/2025\/05\/icone-formation-spatial-png-scaled.png\" class=\"wp-block-cover__image-background wp-post-image\" alt=\"\" data-object-fit=\"cover\" srcset=\"https:\/\/astres-espace.fr\/wp-content\/uploads\/2025\/05\/icone-formation-spatial-png-scaled.png 2560w, https:\/\/astres-espace.fr\/wp-content\/uploads\/2025\/05\/icone-formation-spatial-png-300x95.png 300w, https:\/\/astres-espace.fr\/wp-content\/uploads\/2025\/05\/icone-formation-spatial-png-1024x323.png 1024w, https:\/\/astres-espace.fr\/wp-content\/uploads\/2025\/05\/icone-formation-spatial-png-768x242.png 768w, https:\/\/astres-espace.fr\/wp-content\/uploads\/2025\/05\/icone-formation-spatial-png-1536x484.png 1536w, https:\/\/astres-espace.fr\/wp-content\/uploads\/2025\/05\/icone-formation-spatial-png-2048x645.png 2048w\" sizes=\"auto, (max-width: 2560px) 100vw, 2560px\" \/><div class=\"wp-block-cover__inner-container is-layout-flow wp-block-cover-is-layout-flow\"><h3 class=\"has-link-color wp-elements-5b89d8e2f1c3ee9f0edc63cf812d4b3a wp-block-post-title\"><a href=\"https:\/\/astres-espace.fr\/index.php\/la-formation-au-secteur-spatial\/\" target=\"_self\" >La formation au secteur spatial<\/a><\/h3>\n\n<div class=\"wp-block-post-date has-small-font-size\"><time datetime=\"2025-05-02T11:21:05+02:00\">mai 2, 2025<\/time><\/div><\/div><\/section>\n\n<\/li><\/ul><\/div>\n<\/div>\n\n\n\n<div class=\"wp-block-group is-layout-flow wp-block-group-is-layout-flow\">\n<div class=\"wp-block-group wp-block-inner-page-title is-layout-constrained wp-block-group-is-layout-constrained\">\n<div class=\"wp-block-group is-layout-flow wp-block-group-is-layout-flow\">\n<div class=\"wp-block-group is-layout-constrained wp-block-group-is-layout-constrained\">\n<h4 class=\"wp-block-heading\">Que fait notre GT ? <\/h4>\n\n\n\n<p>Au sein d\u2019ASTRES, ce groupe de travail s\u2019engage \u00e0 faire tomber les barri\u00e8res qui entourent encore le secteur spatial et \u00e0 le rendre compr\u00e9hensible, accessible et attractif pour tous. \u00c9tudiants, lyc\u00e9ens ou simples curieux, en m\u00e9tropole comme dans les territoires ultramarins, l\u2019objectif est de montrer que le spatial n\u2019est pas r\u00e9serv\u00e9 \u00e0 une \u00e9lite, mais qu\u2019il concerne et peut inspirer chacun. <\/p>\n\n\n\n<p>Le groupe mise pour cela sur une communication dynamique et r\u00e9guli\u00e8re, notamment \u00e0 travers les r\u00e9seaux sociaux, en proposant des contenus p\u00e9dagogiques, clairs et stimulants. En explorant aussi bien l\u2019histoire que les aspects techniques du spatial, ces publications visent \u00e0 \u00e9veiller la curiosit\u00e9, donner des cl\u00e9s de compr\u00e9hension et encourager l\u2019int\u00e9r\u00eat pour les nombreuses opportunit\u00e9s offertes par ce domaine passionnant.<\/p>\n\n\n\n<p class=\"has-background\" style=\"background-color:#ff6a0061\"><strong>Pourquoi c&#8217;est important<\/strong><br>Le spatial n\u2019est pas r\u00e9serv\u00e9 \u00e0 une \u00e9lite. Il touche notre quotidien, notre culture et notre futur. Ce GT souhaite b\u00e2tir un pont entre la complexit\u00e9 du spatial et la curiosit\u00e9 collective, pour inspirer et ouvrir de nouvelles perspectives.<\/p>\n\n\n\n<div style=\"height:40px\" aria-hidden=\"true\" class=\"wp-block-spacer\"><\/div>\n\n\n\n<h4 class=\"wp-block-heading\">Nos anciens projets<\/h4>\n\n\n\n<ol start=\"1\" class=\"wp-block-list\">\n<li>Cartographie des influences du spatial: Cr\u00e9ation d\u2019une &#8220;map&#8221; regroupant objets et techniques li\u00e9s au spatial, mais int\u00e9gr\u00e9s dans notre quotidien. Ex : velcro, couches pour b\u00e9b\u00e9, etc.<\/li>\n<\/ol>\n\n\n\n<p>But : montrer que le spatial influence notre vie bien au-del\u00e0 des lancements de fus\u00e9es.<\/p>\n\n\n\n<ol start=\"2\" class=\"wp-block-list\">\n<li>Rapport Nexus Alpha &#8211; Deux sous-parties principales :<\/li>\n<\/ol>\n\n\n\n<p>a. L\u2019acc\u00e8s au spatial depuis les territoires d\u2019outre-mer : d\u00e9fis rencontr\u00e9s par les jeunes issus de ces territoires pour int\u00e9grer le secteur spatial. <\/p>\n\n\n\n<p>b. Perception du spatial par le grand public : comment le secteur spatial est per\u00e7u et quelles barri\u00e8res existent.<\/p>\n<\/div>\n<\/div>\n<\/div>\n\n\n\n<div class=\"wp-block-cover has-foreground-color has-text-color has-link-color wp-elements-0bdcb6f9b7b29f1eca08c71375ce3728\"><span aria-hidden=\"true\" class=\"wp-block-cover__background has-background-background-color has-background-dim-70 has-background-dim\"><\/span><img loading=\"lazy\" decoding=\"async\" width=\"800\" height=\"800\" src=\"https:\/\/astres-espace.fr\/wp-content\/uploads\/2025\/01\/11.png\" class=\"wp-block-cover__image-background wp-post-image\" alt=\"\" data-object-fit=\"cover\" srcset=\"https:\/\/astres-espace.fr\/wp-content\/uploads\/2025\/01\/11.png 800w, https:\/\/astres-espace.fr\/wp-content\/uploads\/2025\/01\/11-300x300.png 300w, https:\/\/astres-espace.fr\/wp-content\/uploads\/2025\/01\/11-150x150.png 150w, https:\/\/astres-espace.fr\/wp-content\/uploads\/2025\/01\/11-768x768.png 768w\" sizes=\"auto, (max-width: 800px) 100vw, 800px\" \/><div class=\"wp-block-cover__inner-container is-layout-constrained wp-block-cover-is-layout-constrained\">\n<div class=\"wp-block-media-text is-stacked-on-mobile\" style=\"grid-template-columns:26% auto\"><figure class=\"wp-block-media-text__media\"><img loading=\"lazy\" decoding=\"async\" width=\"800\" height=\"800\" src=\"https:\/\/astres-espace.fr\/wp-content\/uploads\/2024\/09\/image-3.png\" alt=\"\" class=\"wp-image-1238 size-full\" srcset=\"https:\/\/astres-espace.fr\/wp-content\/uploads\/2024\/09\/image-3.png 800w, https:\/\/astres-espace.fr\/wp-content\/uploads\/2024\/09\/image-3-300x300.png 300w, https:\/\/astres-espace.fr\/wp-content\/uploads\/2024\/09\/image-3-150x150.png 150w, https:\/\/astres-espace.fr\/wp-content\/uploads\/2024\/09\/image-3-768x768.png 768w\" sizes=\"auto, (max-width: 800px) 100vw, 800px\" \/><\/figure><div class=\"wp-block-media-text__content\">\n<p class=\"has-text-align-left has-content-heading-font-size\" style=\"text-transform:uppercase\"><strong>En savoir plus<\/strong><\/p>\n\n\n\n<p><strong>Fanny<\/strong>, r\u00e9f\u00e9rente du GT Culture Spatiale<\/p>\n\n\n\n<ul class=\"wp-block-social-links is-layout-flex wp-block-social-links-is-layout-flex\"><li class=\"wp-social-link wp-social-link-linkedin  wp-block-social-link\"><a href=\"https:\/\/www.linkedin.com\/in\/fanny-ayat-30a666275\/?originalSubdomain=hu\" class=\"wp-block-social-link-anchor\"><svg width=\"24\" height=\"24\" viewBox=\"0 0 24 24\" version=\"1.1\" xmlns=\"http:\/\/www.w3.org\/2000\/svg\" aria-hidden=\"true\" focusable=\"false\"><path d=\"M19.7,3H4.3C3.582,3,3,3.582,3,4.3v15.4C3,20.418,3.582,21,4.3,21h15.4c0.718,0,1.3-0.582,1.3-1.3V4.3 C21,3.582,20.418,3,19.7,3z M8.339,18.338H5.667v-8.59h2.672V18.338z M7.004,8.574c-0.857,0-1.549-0.694-1.549-1.548 c0-0.855,0.691-1.548,1.549-1.548c0.854,0,1.547,0.694,1.547,1.548C8.551,7.881,7.858,8.574,7.004,8.574z M18.339,18.338h-2.669 v-4.177c0-0.996-0.017-2.278-1.387-2.278c-1.389,0-1.601,1.086-1.601,2.206v4.249h-2.667v-8.59h2.559v1.174h0.037 c0.356-0.675,1.227-1.387,2.526-1.387c2.703,0,3.203,1.779,3.203,4.092V18.338z\"><\/path><\/svg><span class=\"wp-block-social-link-label screen-reader-text\">LinkedIn<\/span><\/a><\/li><\/ul>\n<\/div><\/div>\n<\/div><\/div>\n<\/div>\n","protected":false},"excerpt":{"rendered":"<p>Nos derni\u00e8res publications Que fait notre GT ? Au sein d\u2019ASTRES, ce groupe de travail s\u2019engage \u00e0 faire tomber les barri\u00e8res qui entourent encore le secteur spatial et \u00e0 le rendre compr\u00e9hensible, accessible et attractif pour tous. \u00c9tudiants, lyc\u00e9ens ou simples curieux, en m\u00e9tropole comme dans les territoires ultramarins, l\u2019objectif est de montrer que le [&hellip;]<\/p>\n","protected":false},"author":1,"featured_media":1313,"parent":0,"menu_order":0,"comment_status":"closed","ping_status":"closed","template":"page-gt","meta":{"footnotes":""},"class_list":["post-2151","page","type-page","status-publish","has-post-thumbnail","hentry"],"_links":{"self":[{"href":"https:\/\/astres-espace.fr\/index.php\/wp-json\/wp\/v2\/pages\/2151","targetHints":{"allow":["GET"]}}],"collection":[{"href":"https:\/\/astres-espace.fr\/index.php\/wp-json\/wp\/v2\/pages"}],"about":[{"href":"https:\/\/astres-espace.fr\/index.php\/wp-json\/wp\/v2\/types\/page"}],"author":[{"embeddable":true,"href":"https:\/\/astres-espace.fr\/index.php\/wp-json\/wp\/v2\/users\/1"}],"replies":[{"embeddable":true,"href":"https:\/\/astres-espace.fr\/index.php\/wp-json\/wp\/v2\/comments?post=2151"}],"version-history":[{"count":18,"href":"https:\/\/astres-espace.fr\/index.php\/wp-json\/wp\/v2\/pages\/2151\/revisions"}],"predecessor-version":[{"id":2537,"href":"https:\/\/astres-espace.fr\/index.php\/wp-json\/wp\/v2\/pages\/2151\/revisions\/2537"}],"wp:featuredmedia":[{"embeddable":true,"href":"https:\/\/astres-espace.fr\/index.php\/wp-json\/wp\/v2\/media\/1313"}],"wp:attachment":[{"href":"https:\/\/astres-espace.fr\/index.php\/wp-json\/wp\/v2\/media?parent=2151"}],"curies":[{"name":"wp","href":"https:\/\/api.w.org\/{rel}","templated":true}]}}