{"id":1878,"date":"2025-08-11T15:24:47","date_gmt":"2025-08-11T15:24:47","guid":{"rendered":"https:\/\/astres-espace.fr\/?page_id=1878"},"modified":"2025-08-20T07:11:14","modified_gmt":"2025-08-20T07:11:14","slug":"gt-energie-et-espace","status":"publish","type":"page","link":"https:\/\/astres-espace.fr\/index.php\/gt-energie-et-espace\/","title":{"rendered":"GT Energie et Espace"},"content":{"rendered":"\n<h2 class=\"wp-block-heading\">Le GT Energie et Espace suit les sujets relatifs \u00e0 la production et \u00e0 l&#8217;utilisation des diff\u00e9rentes sources d&#8217;\u00e9nergie dans l&#8217;espace et pour les applications spatiales.<\/h2>\n\n\n\n<h4 class=\"wp-block-heading\">Les sujets en cours<\/h4>\n\n\n\n<figure class=\"wp-block-image size-full is-resized\"><img loading=\"lazy\" decoding=\"async\" width=\"219\" height=\"123\" src=\"https:\/\/astres-espace.fr\/wp-content\/uploads\/2025\/08\/images-edited.jpg\" alt=\"\" class=\"wp-image-1887\" style=\"width:209px;height:auto\"\/><\/figure>\n\n\n\n<h4 class=\"wp-block-heading\">Nos derni\u00e8res publications<\/h4>\n\n\n\n<div class=\"wp-block-columns is-not-stacked-on-mobile is-layout-flex wp-container-core-columns-is-layout-28f84493 wp-block-columns-is-layout-flex\">\n<div class=\"wp-block-column is-layout-flow wp-block-column-is-layout-flow\" style=\"flex-basis:66.66%\"><ul class=\"wp-block-latest-posts__list wp-block-latest-posts\"><\/ul><\/div>\n\n\n\n<div class=\"wp-block-column is-layout-flow wp-block-column-is-layout-flow\" style=\"flex-basis:33.33%\">\n<div class=\"wp-block-buttons is-content-justification-space-between is-layout-flex wp-container-core-buttons-is-layout-fe260184 wp-block-buttons-is-layout-flex\">\n<div class=\"wp-block-button is-style-outline is-style-outline--1\"><a class=\"wp-block-button__link wp-element-button\" href=\"https:\/\/astres-espace.fr\/index.php\/category\/analyses\/energy\/\" style=\"border-radius:0px\" target=\"_blank\" rel=\"noreferrer noopener\">Toutes les publications<\/a><\/div>\n<\/div>\n<\/div>\n<\/div>\n\n\n\n<h4 class=\"wp-block-heading\">Rejoindre le GT Energie<\/h4>\n\n\n\n<p>Les adh\u00e9sions sont ouvertes de septembre \u00e0 novembre. En cas de question sur le GT, vous pouvez contacter :<\/p>\n\n\n\n<div class=\"wp-block-media-text\" style=\"grid-template-columns:26% auto\"><figure class=\"wp-block-media-text__media\"><img loading=\"lazy\" decoding=\"async\" width=\"800\" height=\"800\" src=\"https:\/\/astres-espace.fr\/wp-content\/uploads\/2025\/08\/1734548652417.jpg\" alt=\"\" class=\"wp-image-1950 size-full\" srcset=\"https:\/\/astres-espace.fr\/wp-content\/uploads\/2025\/08\/1734548652417.jpg 800w, https:\/\/astres-espace.fr\/wp-content\/uploads\/2025\/08\/1734548652417-300x300.jpg 300w, https:\/\/astres-espace.fr\/wp-content\/uploads\/2025\/08\/1734548652417-150x150.jpg 150w, https:\/\/astres-espace.fr\/wp-content\/uploads\/2025\/08\/1734548652417-768x768.jpg 768w, https:\/\/astres-espace.fr\/wp-content\/uploads\/2025\/08\/1734548652417-100x100.jpg 100w\" sizes=\"auto, (max-width: 800px) 100vw, 800px\" \/><\/figure><div class=\"wp-block-media-text__content\">\n<p><strong>Asma<\/strong>, secr\u00e9taire g\u00e9n\u00e9rale<\/p>\n\n\n\n<ul class=\"wp-block-social-links is-layout-flex wp-block-social-links-is-layout-flex\"><li class=\"wp-social-link wp-social-link-linkedin  wp-block-social-link\"><a href=\"https:\/\/www.linkedin.com\/in\/asmakhallouf\/\" class=\"wp-block-social-link-anchor\"><svg width=\"24\" height=\"24\" viewBox=\"0 0 24 24\" version=\"1.1\" xmlns=\"http:\/\/www.w3.org\/2000\/svg\" aria-hidden=\"true\" focusable=\"false\"><path d=\"M19.7,3H4.3C3.582,3,3,3.582,3,4.3v15.4C3,20.418,3.582,21,4.3,21h15.4c0.718,0,1.3-0.582,1.3-1.3V4.3 C21,3.582,20.418,3,19.7,3z M8.339,18.338H5.667v-8.59h2.672V18.338z M7.004,8.574c-0.857,0-1.549-0.694-1.549-1.548 c0-0.855,0.691-1.548,1.549-1.548c0.854,0,1.547,0.694,1.547,1.548C8.551,7.881,7.858,8.574,7.004,8.574z M18.339,18.338h-2.669 v-4.177c0-0.996-0.017-2.278-1.387-2.278c-1.389,0-1.601,1.086-1.601,2.206v4.249h-2.667v-8.59h2.559v1.174h0.037 c0.356-0.675,1.227-1.387,2.526-1.387c2.703,0,3.203,1.779,3.203,4.092V18.338z\"><\/path><\/svg><span class=\"wp-block-social-link-label screen-reader-text\">LinkedIn<\/span><\/a><\/li><\/ul>\n<\/div><\/div>\n","protected":false},"excerpt":{"rendered":"<p>Le GT Energie et Espace suit les sujets relatifs \u00e0 la production et \u00e0 l&#8217;utilisation des diff\u00e9rentes sources d&#8217;\u00e9nergie dans l&#8217;espace et pour les applications spatiales. Les sujets en cours Nos derni\u00e8res publications Rejoindre le GT Energie Les adh\u00e9sions sont ouvertes de septembre \u00e0 novembre. En cas de question sur le GT, vous pouvez contacter [&hellip;]<\/p>\n","protected":false},"author":1,"featured_media":0,"parent":0,"menu_order":0,"comment_status":"closed","ping_status":"closed","template":"","meta":{"footnotes":""},"class_list":["post-1878","page","type-page","status-publish","hentry"],"_links":{"self":[{"href":"https:\/\/astres-espace.fr\/index.php\/wp-json\/wp\/v2\/pages\/1878","targetHints":{"allow":["GET"]}}],"collection":[{"href":"https:\/\/astres-espace.fr\/index.php\/wp-json\/wp\/v2\/pages"}],"about":[{"href":"https:\/\/astres-espace.fr\/index.php\/wp-json\/wp\/v2\/types\/page"}],"author":[{"embeddable":true,"href":"https:\/\/astres-espace.fr\/index.php\/wp-json\/wp\/v2\/users\/1"}],"replies":[{"embeddable":true,"href":"https:\/\/astres-espace.fr\/index.php\/wp-json\/wp\/v2\/comments?post=1878"}],"version-history":[{"count":9,"href":"https:\/\/astres-espace.fr\/index.php\/wp-json\/wp\/v2\/pages\/1878\/revisions"}],"predecessor-version":[{"id":1969,"href":"https:\/\/astres-espace.fr\/index.php\/wp-json\/wp\/v2\/pages\/1878\/revisions\/1969"}],"wp:attachment":[{"href":"https:\/\/astres-espace.fr\/index.php\/wp-json\/wp\/v2\/media?parent=1878"}],"curies":[{"name":"wp","href":"https:\/\/api.w.org\/{rel}","templated":true}]}}