{"id":1761,"date":"2025-08-03T07:48:13","date_gmt":"2025-08-03T07:48:13","guid":{"rendered":"https:\/\/astres-espace.fr\/?page_id=1761"},"modified":"2026-01-02T18:28:49","modified_gmt":"2026-01-02T17:28:49","slug":"rejoignez-nous","status":"publish","type":"page","link":"https:\/\/astres-espace.fr\/index.php\/rejoignez-nous\/","title":{"rendered":"Rejoignez-nous"},"content":{"rendered":"\n<div class=\"wp-block-columns is-layout-flex wp-container-core-columns-is-layout-28f84493 wp-block-columns-is-layout-flex\">\n<div class=\"wp-block-column is-layout-flow wp-block-column-is-layout-flow\" style=\"flex-basis:100%\">\n<p>Les adh\u00e9sions 2025-2026 sont ouvertes, <strong>jusqu&#8217;au 12 d\u00e9cembre 2025 <\/strong>! Pass\u00e9e cette date, contactez-nous <a href=\"mailto:contact@astres-espace.fr\" data-type=\"mailto\" data-id=\"mailto:contact@astres-espace.fr\">par mail.<\/a><\/p>\n<\/div>\n<\/div>\n\n\n\n<div style=\"height:0px\" aria-hidden=\"true\" class=\"wp-block-spacer\"><\/div>\n\n\n\n<div class=\"wp-block-group is-content-justification-center is-layout-constrained wp-container-core-group-is-layout-e76466a1 wp-block-group-is-layout-constrained\" style=\"margin-top:0;margin-bottom:0;padding-right:17rem;padding-left:17rem\">\n<div class=\"wp-block-brad-border-box\">\t\t\t<iframe\n\t\t\t\tid=\"idIframe\"\n\t\t\t\tsrc=\"https:\/\/www.helloasso.com\/associations\/alliance-strategique-des-etudiants-du-spatial\/adhesions\/adhesion-astres-2025-2026-2\/widget-bouton\"\n\t\t\t\theight=70px\"\t\t\t\twidth=200px\"\t\t\t\tframeborder=\"0\"\n\t\t\t\tloading=\"lazy\"\n\t\t\t\tallowtransparency=\"true\"\n\t\t\t\tonload=\"resizeIframeMessage()\"><\/iframe>\n<\/div>\n<\/div>\n\n\n\n<details class=\"wp-block-details has-medium-font-size is-layout-flow wp-block-details-is-layout-flow\"><summary>Pourquoi adh\u00e9rer ?<\/summary>\n<p style=\"font-size:16px\">Beaucoup de raisons peuvent t&#8217;amener chez ASTRES :<\/p>\n\n\n\n<p style=\"font-size:16px\"><strong>Tu t&#8217;int\u00e9resses au spatial, et tu veux rencontrer d&#8217;autres passionn\u00e9s pour \u00e9changer et apprendre. <\/strong><br><strong><em>Le +<\/em> : <\/strong><em>nos adh\u00e9rents viennent de formations tr\u00e8s vari\u00e9es, c&#8217;est l&#8217;occasion de r\u00e9fl\u00e9chir avec des personnes qui n&#8217;ont pas la m\u00eame point de vue que toi et d&#8217;apprendre diff\u00e9remment !<\/em><\/p>\n\n\n\n<ul style=\"line-height:1.5\" class=\"wp-block-list\">\n<li><\/li>\n<\/ul>\n\n\n\n<p style=\"font-size:16px\"><strong>Tu cherches \u00e0 mieux conna\u00eetre le secteur spatial pour trouver un stage ou une alternance <\/strong><br><strong><em>Le +<\/em> : <\/strong><em>nous sommes d\u00e9j\u00e0 bien connus des entreprises, qui nous envoient des offres r\u00e9guli\u00e8rement et nous accueillent pour des visites toute l&#8217;ann\u00e9e. Et tu rencontreras d&#8217;autres \u00e9tudiants actuellement en stage\/alternance dans les entreprises qui t&#8217;int\u00e9ressent !<\/em><\/p>\n\n\n\n<p style=\"font-size:16px\"><strong>Tu m\u00e8nes des projets personnels en relation avec le spatial (m\u00e9moire, entrepreunariat, projet d&#8217;\u00e9cole) et tu souhaites toucher plus de monde<\/strong><br><strong><em>Le +<\/em> : <\/strong><em>nous pouvons t&#8217;aider \u00e0 gagner en visibilit\u00e9 lors des \u00e9v\u00e8nements professionnels comme le Bourget, les Assises du New Space, et tout simplement au sein de notre communaut\u00e9. Tous les projets sont pertinents !<\/em><\/p>\n\n\n\n<ul style=\"line-height:1.5\" class=\"wp-block-list\">\n<li><\/li>\n<\/ul>\n<\/details>\n\n\n\n<details class=\"wp-block-details has-medium-font-size is-layout-flow wp-block-details-is-layout-flow\"><summary>A quoi donne acc\u00e8s l&#8217;adh\u00e9sion ? <\/summary>\n<ul class=\"wp-block-list\">\n<li style=\"font-size:16px\"><strong>Une communaut\u00e9 de passionn\u00e9s exceptionnelle, accessible partout en France, diverse et sympathique<\/strong><\/li>\n\n\n\n<li style=\"font-size:16px\">Acc\u00e8s \u00e0 tous les projets de l&#8217;association via le serveur Discord ASTRES, forum digital de discussions et de projets <\/li>\n\n\n\n<li style=\"font-size:16px\">Afterworks mensuels dans les grandes villes \u00e9tudiantes fran\u00e7aises<\/li>\n\n\n\n<li style=\"font-size:16px\">Participation aux \u00e9v\u00e8nements professionnels : Salon du Bourget en jours pros, Assises du New Space, Nextspace, Paris Air Forum, Forum Innovation D\u00e9fense, Toulouse Space Festival, &#8230;<\/li>\n\n\n\n<li style=\"font-size:16px\">R\u00e9seau de mentors : rencontres avec des professionnels du secteur spatial et \u00e9changes sur les sujets de strat\u00e9gie spatiale<\/li>\n\n\n\n<li style=\"font-size:16px\">Acc\u00e8s privil\u00e9gi\u00e9 aux offres de stage et alternance<\/li>\n\n\n\n<li style=\"font-size:16px\">Reconnaissance d&#8217;engagement et de culture spatiale sur ton CV, avec possible lettre de recommandation<\/li>\n<\/ul>\n<\/details>\n\n\n\n<details class=\"wp-block-details has-medium-font-size is-layout-flow wp-block-details-is-layout-flow\"><summary>Conditions d&#8217;adh\u00e9sion<\/summary>\n<p style=\"font-size:16px\">L&#8217;association est ouverte \u00e0 tous les passionn\u00e9s de spatial entre 18 et 26 ans, <strong>quelle que soit ta formation<\/strong>. Si tu as une ou deux bougies de plus sur ton passeport, envoie nous un mail !<\/p>\n\n\n\n<p style=\"font-size:16px\">Ton adh\u00e9sion est valable 365 jours \u00e0 partir de la date d&#8217;achat. <\/p>\n<\/details>\n\n\n\n<details class=\"wp-block-details has-medium-font-size is-layout-flow wp-block-details-is-layout-flow\"><summary>J&#8217;ai une question, qui puis-je contacter ?<\/summary>\n<p style=\"font-size:16px\">Le bureau est \u00e0 ta disposition \u00e0 tout moment. <br>Privil\u00e9gie <a href=\"https:\/\/www.linkedin.com\/company\/alliance-strategique-etudiants-spatial\/posts\/?feedView=all\">notre messagerie Linkedin<\/a> ou les mails !<\/p>\n\n\n\n<div class=\"wp-block-group is-content-justification-center is-nowrap is-layout-flex wp-container-core-group-is-layout-ff976b70 wp-block-group-is-layout-flex\">\n<ul class=\"wp-block-social-links is-content-justification-right is-layout-flex wp-container-core-social-links-is-layout-d445cf74 wp-block-social-links-is-layout-flex\"><li class=\"wp-social-link wp-social-link-linkedin  wp-block-social-link\"><a href=\"https:\/\/www.linkedin.com\/company\/alliance-strategique-etudiants-spatial\/\" class=\"wp-block-social-link-anchor\"><svg width=\"24\" height=\"24\" viewBox=\"0 0 24 24\" version=\"1.1\" xmlns=\"http:\/\/www.w3.org\/2000\/svg\" aria-hidden=\"true\" focusable=\"false\"><path d=\"M19.7,3H4.3C3.582,3,3,3.582,3,4.3v15.4C3,20.418,3.582,21,4.3,21h15.4c0.718,0,1.3-0.582,1.3-1.3V4.3 C21,3.582,20.418,3,19.7,3z M8.339,18.338H5.667v-8.59h2.672V18.338z M7.004,8.574c-0.857,0-1.549-0.694-1.549-1.548 c0-0.855,0.691-1.548,1.549-1.548c0.854,0,1.547,0.694,1.547,1.548C8.551,7.881,7.858,8.574,7.004,8.574z M18.339,18.338h-2.669 v-4.177c0-0.996-0.017-2.278-1.387-2.278c-1.389,0-1.601,1.086-1.601,2.206v4.249h-2.667v-8.59h2.559v1.174h0.037 c0.356-0.675,1.227-1.387,2.526-1.387c2.703,0,3.203,1.779,3.203,4.092V18.338z\"><\/path><\/svg><span class=\"wp-block-social-link-label screen-reader-text\">LinkedIn<\/span><\/a><\/li>\n\n<li class=\"wp-social-link wp-social-link-instagram  wp-block-social-link\"><a href=\"https:\/\/www.instagram.com\/astresespace_fr?igsh=MWtmYm1yY2MwbmdheA==\" class=\"wp-block-social-link-anchor\"><svg width=\"24\" height=\"24\" viewBox=\"0 0 24 24\" version=\"1.1\" xmlns=\"http:\/\/www.w3.org\/2000\/svg\" aria-hidden=\"true\" focusable=\"false\"><path d=\"M12,4.622c2.403,0,2.688,0.009,3.637,0.052c0.877,0.04,1.354,0.187,1.671,0.31c0.42,0.163,0.72,0.358,1.035,0.673 c0.315,0.315,0.51,0.615,0.673,1.035c0.123,0.317,0.27,0.794,0.31,1.671c0.043,0.949,0.052,1.234,0.052,3.637 s-0.009,2.688-0.052,3.637c-0.04,0.877-0.187,1.354-0.31,1.671c-0.163,0.42-0.358,0.72-0.673,1.035 c-0.315,0.315-0.615,0.51-1.035,0.673c-0.317,0.123-0.794,0.27-1.671,0.31c-0.949,0.043-1.233,0.052-3.637,0.052 s-2.688-0.009-3.637-0.052c-0.877-0.04-1.354-0.187-1.671-0.31c-0.42-0.163-0.72-0.358-1.035-0.673 c-0.315-0.315-0.51-0.615-0.673-1.035c-0.123-0.317-0.27-0.794-0.31-1.671C4.631,14.688,4.622,14.403,4.622,12 s0.009-2.688,0.052-3.637c0.04-0.877,0.187-1.354,0.31-1.671c0.163-0.42,0.358-0.72,0.673-1.035 c0.315-0.315,0.615-0.51,1.035-0.673c0.317-0.123,0.794-0.27,1.671-0.31C9.312,4.631,9.597,4.622,12,4.622 M12,3 C9.556,3,9.249,3.01,8.289,3.054C7.331,3.098,6.677,3.25,6.105,3.472C5.513,3.702,5.011,4.01,4.511,4.511 c-0.5,0.5-0.808,1.002-1.038,1.594C3.25,6.677,3.098,7.331,3.054,8.289C3.01,9.249,3,9.556,3,12c0,2.444,0.01,2.751,0.054,3.711 c0.044,0.958,0.196,1.612,0.418,2.185c0.23,0.592,0.538,1.094,1.038,1.594c0.5,0.5,1.002,0.808,1.594,1.038 c0.572,0.222,1.227,0.375,2.185,0.418C9.249,20.99,9.556,21,12,21s2.751-0.01,3.711-0.054c0.958-0.044,1.612-0.196,2.185-0.418 c0.592-0.23,1.094-0.538,1.594-1.038c0.5-0.5,0.808-1.002,1.038-1.594c0.222-0.572,0.375-1.227,0.418-2.185 C20.99,14.751,21,14.444,21,12s-0.01-2.751-0.054-3.711c-0.044-0.958-0.196-1.612-0.418-2.185c-0.23-0.592-0.538-1.094-1.038-1.594 c-0.5-0.5-1.002-0.808-1.594-1.038c-0.572-0.222-1.227-0.375-2.185-0.418C14.751,3.01,14.444,3,12,3L12,3z M12,7.378 c-2.552,0-4.622,2.069-4.622,4.622S9.448,16.622,12,16.622s4.622-2.069,4.622-4.622S14.552,7.378,12,7.378z M12,15 c-1.657,0-3-1.343-3-3s1.343-3,3-3s3,1.343,3,3S13.657,15,12,15z M16.804,6.116c-0.596,0-1.08,0.484-1.08,1.08 s0.484,1.08,1.08,1.08c0.596,0,1.08-0.484,1.08-1.08S17.401,6.116,16.804,6.116z\"><\/path><\/svg><span class=\"wp-block-social-link-label screen-reader-text\">Instagram<\/span><\/a><\/li>\n\n<li class=\"wp-social-link wp-social-link-mail  wp-block-social-link\"><a href=\"mailto:contact@astres-espace.fr\" class=\"wp-block-social-link-anchor\"><svg width=\"24\" height=\"24\" viewBox=\"0 0 24 24\" version=\"1.1\" xmlns=\"http:\/\/www.w3.org\/2000\/svg\" aria-hidden=\"true\" focusable=\"false\"><path d=\"M19,5H5c-1.1,0-2,.9-2,2v10c0,1.1.9,2,2,2h14c1.1,0,2-.9,2-2V7c0-1.1-.9-2-2-2zm.5,12c0,.3-.2.5-.5.5H5c-.3,0-.5-.2-.5-.5V9.8l7.5,5.6,7.5-5.6V17zm0-9.1L12,13.6,4.5,7.9V7c0-.3.2-.5.5-.5h14c.3,0,.5.2.5.5v.9z\"><\/path><\/svg><span class=\"wp-block-social-link-label screen-reader-text\">E-mail<\/span><\/a><\/li><\/ul>\n<\/div>\n<\/details>\n\n\n\n<div class=\"wp-block-columns is-layout-flex wp-container-core-columns-is-layout-28f84493 wp-block-columns-is-layout-flex\">\n<div class=\"wp-block-column is-vertically-aligned-center is-layout-flow wp-block-column-is-layout-flow\"><\/div>\n<\/div>\n\n\n\n<p><\/p>\n","protected":false},"excerpt":{"rendered":"<p>Les adh\u00e9sions 2025-2026 sont ouvertes, jusqu&#8217;au 12 d\u00e9cembre 2025 ! Pass\u00e9e cette date, contactez-nous par mail.<\/p>\n","protected":false},"author":1,"featured_media":0,"parent":0,"menu_order":0,"comment_status":"closed","ping_status":"closed","template":"","meta":{"footnotes":""},"class_list":["post-1761","page","type-page","status-publish","hentry"],"_links":{"self":[{"href":"https:\/\/astres-espace.fr\/index.php\/wp-json\/wp\/v2\/pages\/1761","targetHints":{"allow":["GET"]}}],"collection":[{"href":"https:\/\/astres-espace.fr\/index.php\/wp-json\/wp\/v2\/pages"}],"about":[{"href":"https:\/\/astres-espace.fr\/index.php\/wp-json\/wp\/v2\/types\/page"}],"author":[{"embeddable":true,"href":"https:\/\/astres-espace.fr\/index.php\/wp-json\/wp\/v2\/users\/1"}],"replies":[{"embeddable":true,"href":"https:\/\/astres-espace.fr\/index.php\/wp-json\/wp\/v2\/comments?post=1761"}],"version-history":[{"count":33,"href":"https:\/\/astres-espace.fr\/index.php\/wp-json\/wp\/v2\/pages\/1761\/revisions"}],"predecessor-version":[{"id":2403,"href":"https:\/\/astres-espace.fr\/index.php\/wp-json\/wp\/v2\/pages\/1761\/revisions\/2403"}],"wp:attachment":[{"href":"https:\/\/astres-espace.fr\/index.php\/wp-json\/wp\/v2\/media?parent=1761"}],"curies":[{"name":"wp","href":"https:\/\/api.w.org\/{rel}","templated":true}]}}