{"id":1757,"date":"2025-08-03T07:48:13","date_gmt":"2025-08-03T07:48:13","guid":{"rendered":"https:\/\/astres-espace.fr\/?page_id=1757"},"modified":"2026-01-04T16:44:08","modified_gmt":"2026-01-04T15:44:08","slug":"welcome","status":"publish","type":"page","link":"https:\/\/astres-espace.fr\/","title":{"rendered":"Accueil"},"content":{"rendered":"\n<p style=\"padding-top:var(--wp--preset--spacing--30);padding-right:var(--wp--preset--spacing--30);padding-bottom:var(--wp--preset--spacing--30);padding-left:var(--wp--preset--spacing--30)\">L&#8217;Alliance Strat\u00e9gique des Etudiants du Spatial est aujourd&#8217;hui le collectif de r\u00e9f\u00e9rence pour la jeunesse spatiale fran\u00e7aise. Notre objectif est de <strong>rassembler les\u00a0\u00e9tudiants, jeunes dipl\u00f4m\u00e9s et futurs entrepreneurs\u00a0des disciplines techniques et\u00a0non-techniques du spatial,<\/strong>\u00a0afin\u00a0de\u00a0contribuer \u00e0\u00a0la pr\u00e9paration de la strat\u00e9gie spatiale fran\u00e7aise de demain.<\/p>\n\n\n\n<figure class=\"wp-block-image alignright size-large is-resized is-style-rounded\"><img loading=\"lazy\" decoding=\"async\" width=\"1024\" height=\"768\" src=\"https:\/\/astres-espace.fr\/wp-content\/uploads\/2024\/01\/1688657628174-1024x768.jpg\" alt=\"\" class=\"wp-image-496\" style=\"width:337px;height:auto\" srcset=\"https:\/\/astres-espace.fr\/wp-content\/uploads\/2024\/01\/1688657628174-1024x768.jpg 1024w, https:\/\/astres-espace.fr\/wp-content\/uploads\/2024\/01\/1688657628174-300x225.jpg 300w, https:\/\/astres-espace.fr\/wp-content\/uploads\/2024\/01\/1688657628174-768x576.jpg 768w, https:\/\/astres-espace.fr\/wp-content\/uploads\/2024\/01\/1688657628174-1536x1152.jpg 1536w, https:\/\/astres-espace.fr\/wp-content\/uploads\/2024\/01\/1688657628174.jpg 1600w\" sizes=\"auto, (max-width: 1024px) 100vw, 1024px\" \/><\/figure>\n\n\n\n<details class=\"wp-block-details is-layout-flow wp-block-details-is-layout-flow\"><summary>En savoir plus<\/summary>\n<p style=\"padding-top:var(--wp--preset--spacing--30);padding-right:var(--wp--preset--spacing--30);padding-bottom:var(--wp--preset--spacing--30);padding-left:var(--wp--preset--spacing--30)\">Fond\u00e9e en 2023, ASTRES est une association de loi 1901 couvrant l&#8217;ensemble du territoire fran\u00e7ais et ouverte aux personnes de 18 \u00e0 26 ans, int\u00e9ress\u00e9es par le spatial, quelque soit leur formation.<\/p>\n\n\n\n<p>L&#8217;association rassemble ainsi des ing\u00e9nieurs, des juristes, \u00e9conomistes, \u00e9tudiants en relations internationales ou en m\u00e9decine, mais aussi des profils plus cr\u00e9atifs ainsi que des techniciens. <\/p>\n\n\n\n<blockquote class=\"wp-block-quote is-layout-flow wp-block-quote-is-layout-flow\">\n<figure class=\"wp-block-image alignleft size-full is-resized is-style-rounded\"><img loading=\"lazy\" decoding=\"async\" width=\"519\" height=\"519\" src=\"https:\/\/astres-espace.fr\/wp-content\/uploads\/2025\/09\/16-edited.png\" alt=\"\" class=\"wp-image-2034\" style=\"width:171px;height:auto\" srcset=\"https:\/\/astres-espace.fr\/wp-content\/uploads\/2025\/09\/16-edited.png 519w, https:\/\/astres-espace.fr\/wp-content\/uploads\/2025\/09\/16-edited-300x300.png 300w, https:\/\/astres-espace.fr\/wp-content\/uploads\/2025\/09\/16-edited-150x150.png 150w, https:\/\/astres-espace.fr\/wp-content\/uploads\/2025\/09\/16-edited-100x100.png 100w\" sizes=\"auto, (max-width: 519px) 100vw, 519px\" \/><\/figure>\n\n\n\n<p class=\"has-small-font-size\" style=\"padding-top:var(--wp--preset--spacing--30);padding-right:var(--wp--preset--spacing--30);padding-bottom:var(--wp--preset--spacing--30);padding-left:var(--wp--preset--spacing--30)\">&#8220;<em>ASTRES, c\u2019est avant tout une ambition collective pour la p\u00e9rennisation du statut de puissance spatiale mondiale de la France. Conscients de la chance que nous avons d\u2019\u00eatre des nains sur les \u00e9paules des g\u00e9ants, nous souhaitons contribuer \u00e0 notre niveau aux ambitions spatiales fran\u00e7aises.&nbsp;<\/em>&#8221;    <\/p>\n\n\n\n<p class=\"has-small-font-size\" style=\"padding-top:var(--wp--preset--spacing--30);padding-right:var(--wp--preset--spacing--30);padding-bottom:var(--wp--preset--spacing--30);padding-left:var(--wp--preset--spacing--30)\"><strong><em>Sabrina Barr\u00e9, Co-fondatrice<\/em><\/strong><\/p>\n<\/blockquote>\n\n\n\n<figure class=\"wp-block-image alignright size-full is-resized is-style-rounded\"><img loading=\"lazy\" decoding=\"async\" width=\"519\" height=\"519\" src=\"https:\/\/astres-espace.fr\/wp-content\/uploads\/2025\/09\/18-edited-1.png\" alt=\"\" class=\"wp-image-2035\" style=\"width:192px;height:auto\" srcset=\"https:\/\/astres-espace.fr\/wp-content\/uploads\/2025\/09\/18-edited-1.png 519w, https:\/\/astres-espace.fr\/wp-content\/uploads\/2025\/09\/18-edited-1-300x300.png 300w, https:\/\/astres-espace.fr\/wp-content\/uploads\/2025\/09\/18-edited-1-150x150.png 150w, https:\/\/astres-espace.fr\/wp-content\/uploads\/2025\/09\/18-edited-1-100x100.png 100w\" sizes=\"auto, (max-width: 519px) 100vw, 519px\" \/><\/figure>\n\n\n\n<blockquote class=\"wp-block-quote is-layout-flow wp-block-quote-is-layout-flow\">\n<p class=\"has-small-font-size\" style=\"padding-top:var(--wp--preset--spacing--30);padding-right:var(--wp--preset--spacing--30);padding-bottom:var(--wp--preset--spacing--30);padding-left:var(--wp--preset--spacing--30)\">&#8220;Chez ASTRES, chacun peut proposer ses id\u00e9es : un podcast, un jeu \u00e9ducatif, l&#8217;organisation d&#8217;une conf\u00e9rence sur un th\u00e8me original&#8230; L&#8217;association est une caisse de r\u00e9sonance pour la passion et la motivation de tous les jeunes f\u00e9rus d&#8217;espace, et <strong>le point de contact qu&#8217;il manquait au secteur spatial <\/strong>pour rencontrer cette nouvelle g\u00e9n\u00e9ration.&#8221; <\/p>\n\n\n\n<p class=\"has-small-font-size\"><strong>Jade Ricouart, Co-fondatrice<\/strong><\/p>\n<\/blockquote>\n<\/details>\n","protected":false},"excerpt":{"rendered":"<p>L&#8217;Alliance Strat\u00e9gique des Etudiants du Spatial est aujourd&#8217;hui le collectif de r\u00e9f\u00e9rence pour la jeunesse spatiale fran\u00e7aise. Notre objectif est de rassembler les\u00a0\u00e9tudiants, jeunes dipl\u00f4m\u00e9s et futurs entrepreneurs\u00a0des disciplines techniques et\u00a0non-techniques du spatial,\u00a0afin\u00a0de\u00a0contribuer \u00e0\u00a0la pr\u00e9paration de la strat\u00e9gie spatiale fran\u00e7aise de demain.<\/p>\n","protected":false},"author":1,"featured_media":0,"parent":0,"menu_order":0,"comment_status":"closed","ping_status":"closed","template":"","meta":{"footnotes":""},"class_list":["post-1757","page","type-page","status-publish","hentry"],"_links":{"self":[{"href":"https:\/\/astres-espace.fr\/index.php\/wp-json\/wp\/v2\/pages\/1757","targetHints":{"allow":["GET"]}}],"collection":[{"href":"https:\/\/astres-espace.fr\/index.php\/wp-json\/wp\/v2\/pages"}],"about":[{"href":"https:\/\/astres-espace.fr\/index.php\/wp-json\/wp\/v2\/types\/page"}],"author":[{"embeddable":true,"href":"https:\/\/astres-espace.fr\/index.php\/wp-json\/wp\/v2\/users\/1"}],"replies":[{"embeddable":true,"href":"https:\/\/astres-espace.fr\/index.php\/wp-json\/wp\/v2\/comments?post=1757"}],"version-history":[{"count":28,"href":"https:\/\/astres-espace.fr\/index.php\/wp-json\/wp\/v2\/pages\/1757\/revisions"}],"predecessor-version":[{"id":2445,"href":"https:\/\/astres-espace.fr\/index.php\/wp-json\/wp\/v2\/pages\/1757\/revisions\/2445"}],"wp:attachment":[{"href":"https:\/\/astres-espace.fr\/index.php\/wp-json\/wp\/v2\/media?parent=1757"}],"curies":[{"name":"wp","href":"https:\/\/api.w.org\/{rel}","templated":true}]}}