{"id":1614,"date":"2025-02-18T10:17:37","date_gmt":"2025-02-18T10:17:37","guid":{"rendered":"https:\/\/astres-espace.fr\/?page_id=1614"},"modified":"2026-01-03T00:22:23","modified_gmt":"2026-01-02T23:22:23","slug":"presse","status":"publish","type":"page","link":"https:\/\/astres-espace.fr\/index.php\/presse\/","title":{"rendered":"Presse"},"content":{"rendered":"\n<p>Le kit de presse officiel d\u2019ASTRES : photos, logos, typos, tout est \u00e0 votre disposition. Utilisez ces photos et informations \u00e0 votre guise, dans vos diff\u00e9rents m\u00e9dias.<\/p>\n\n\n\n<p>Retrouvez aussi sur cette page, nos derni\u00e8res apparitions remarqu\u00e9es dans la presse !<\/p>\n\n\n\n<p><\/p>\n\n\n\n<h2 class=\"wp-block-heading\">ASTRES en quelques mots<\/h2>\n\n\n\n<p>ASTRES est le collectif de r\u00e9f\u00e9rence de la jeune g\u00e9n\u00e9ration du spatial francais.<\/p>\n\n\n\n<p><\/p>\n\n\n\n<h2 class=\"wp-block-heading\">ASTRES en quelques lignes<\/h2>\n\n\n\n<p>L\u2019Alliance Strat\u00e9gique des \u00c9tudiants du Spatial (ASTRES) rassemble des \u00e9tudiants et jeunes professionnels passionn\u00e9s par l\u2019univers spatial. L\u2019association, cr\u00e9\u00e9e en 2023, a pour objectif de recueillir et partager la vision du futur du secteur spatial, de favoriser l\u2019insertion professionnelle de ses membres et de f\u00e9d\u00e9rer une nouvelle g\u00e9n\u00e9ration de passionn\u00e9s autour de projets concrets. \u00c0 travers des initiatives vari\u00e9es telles que des publications, des rencontres avec des experts, des conf\u00e9rences et des tables rondes, ASTRES se positionne comme un acteur dynamique et strat\u00e9gique pour pr\u00e9parer l\u2019avenir de l\u2019industrie spatiale en France.<\/p>\n\n\n\n<p><\/p>\n\n\n\n<h2 class=\"wp-block-heading\"><strong>Logo<\/strong><\/h2>\n\n\n\n<h3 class=\"wp-block-heading\">Version principale<\/h3>\n\n\n\n<div class=\"wp-block-columns has-background is-layout-flex wp-container-core-columns-is-layout-28f84493 wp-block-columns-is-layout-flex\" style=\"background-color:#acacac\">\n<div class=\"wp-block-column is-layout-flow wp-block-column-is-layout-flow\" style=\"flex-basis:100%\">\n<figure class=\"wp-block-image size-large\"><img loading=\"lazy\" decoding=\"async\" width=\"1024\" height=\"1024\" src=\"https:\/\/astres-espace.fr\/wp-content\/uploads\/2024\/08\/ASTRES-Logo-principal-1024x1024.png\" alt=\"\" class=\"wp-image-1027\" srcset=\"https:\/\/astres-espace.fr\/wp-content\/uploads\/2024\/08\/ASTRES-Logo-principal-1024x1024.png 1024w, https:\/\/astres-espace.fr\/wp-content\/uploads\/2024\/08\/ASTRES-Logo-principal-300x300.png 300w, https:\/\/astres-espace.fr\/wp-content\/uploads\/2024\/08\/ASTRES-Logo-principal-150x150.png 150w, https:\/\/astres-espace.fr\/wp-content\/uploads\/2024\/08\/ASTRES-Logo-principal-768x768.png 768w, https:\/\/astres-espace.fr\/wp-content\/uploads\/2024\/08\/ASTRES-Logo-principal.png 1440w\" sizes=\"auto, (max-width: 1024px) 100vw, 1024px\" \/><\/figure>\n<\/div>\n<\/div>\n\n\n\n<p><\/p>\n\n\n\n<h3 class=\"wp-block-heading\">Versions alternatives<\/h3>\n\n\n\n<p><strong>Monochrome<\/strong> <strong>noir ou blanc:<\/strong> Pour les supports en noir et blanc ou lorsque l&#8217;utilisation des couleurs n&#8217;est pas possible.<\/p>\n\n\n\n<div class=\"wp-block-columns has-background is-layout-flex wp-container-core-columns-is-layout-28f84493 wp-block-columns-is-layout-flex\" style=\"background-color:#acacac\">\n<div class=\"wp-block-column is-layout-flow wp-block-column-is-layout-flow\">\n<figure class=\"wp-block-image size-large\"><img loading=\"lazy\" decoding=\"async\" width=\"1024\" height=\"1024\" src=\"https:\/\/astres-espace.fr\/wp-content\/uploads\/2024\/08\/ASTRES-Logo-monochrome-1024x1024.png\" alt=\"\" class=\"wp-image-1030\" srcset=\"https:\/\/astres-espace.fr\/wp-content\/uploads\/2024\/08\/ASTRES-Logo-monochrome-1024x1024.png 1024w, https:\/\/astres-espace.fr\/wp-content\/uploads\/2024\/08\/ASTRES-Logo-monochrome-300x300.png 300w, https:\/\/astres-espace.fr\/wp-content\/uploads\/2024\/08\/ASTRES-Logo-monochrome-150x150.png 150w, https:\/\/astres-espace.fr\/wp-content\/uploads\/2024\/08\/ASTRES-Logo-monochrome-768x768.png 768w, https:\/\/astres-espace.fr\/wp-content\/uploads\/2024\/08\/ASTRES-Logo-monochrome.png 1440w\" sizes=\"auto, (max-width: 1024px) 100vw, 1024px\" \/><\/figure>\n<\/div>\n\n\n\n<div class=\"wp-block-column is-layout-flow wp-block-column-is-layout-flow\">\n<figure class=\"wp-block-image size-large\"><img loading=\"lazy\" decoding=\"async\" width=\"1024\" height=\"1024\" src=\"https:\/\/astres-espace.fr\/wp-content\/uploads\/2024\/08\/ASTRES-Logo-monochrome-blanc-1024x1024.png\" alt=\"\" class=\"wp-image-1034\" srcset=\"https:\/\/astres-espace.fr\/wp-content\/uploads\/2024\/08\/ASTRES-Logo-monochrome-blanc-1024x1024.png 1024w, https:\/\/astres-espace.fr\/wp-content\/uploads\/2024\/08\/ASTRES-Logo-monochrome-blanc-300x300.png 300w, https:\/\/astres-espace.fr\/wp-content\/uploads\/2024\/08\/ASTRES-Logo-monochrome-blanc-150x150.png 150w, https:\/\/astres-espace.fr\/wp-content\/uploads\/2024\/08\/ASTRES-Logo-monochrome-blanc-768x768.png 768w, https:\/\/astres-espace.fr\/wp-content\/uploads\/2024\/08\/ASTRES-Logo-monochrome-blanc.png 1440w\" sizes=\"auto, (max-width: 1024px) 100vw, 1024px\" \/><\/figure>\n<\/div>\n<\/div>\n\n\n\n<div class=\"wp-block-columns is-layout-flex wp-container-core-columns-is-layout-28f84493 wp-block-columns-is-layout-flex\">\n<div class=\"wp-block-column is-layout-flow wp-block-column-is-layout-flow\">\n<p><strong>Invers\u00e9 <\/strong>: \u00c0 utiliser sur des fonds sombres pour une meilleure lisibilit\u00e9.<\/p>\n\n\n\n<div class=\"wp-block-columns is-layout-flex wp-container-core-columns-is-layout-28f84493 wp-block-columns-is-layout-flex\">\n<div class=\"wp-block-column has-background is-layout-flow wp-block-column-is-layout-flow\" style=\"background-color:#acacac\">\n<figure class=\"wp-block-image aligncenter size-large is-resized\"><img loading=\"lazy\" decoding=\"async\" width=\"1024\" height=\"1024\" src=\"https:\/\/astres-espace.fr\/wp-content\/uploads\/2024\/08\/ASTRES-Logo-inverse-1024x1024.png\" alt=\"\" class=\"wp-image-1029\" style=\"width:321px;height:auto\" srcset=\"https:\/\/astres-espace.fr\/wp-content\/uploads\/2024\/08\/ASTRES-Logo-inverse-1024x1024.png 1024w, https:\/\/astres-espace.fr\/wp-content\/uploads\/2024\/08\/ASTRES-Logo-inverse-300x300.png 300w, https:\/\/astres-espace.fr\/wp-content\/uploads\/2024\/08\/ASTRES-Logo-inverse-150x150.png 150w, https:\/\/astres-espace.fr\/wp-content\/uploads\/2024\/08\/ASTRES-Logo-inverse-768x768.png 768w, https:\/\/astres-espace.fr\/wp-content\/uploads\/2024\/08\/ASTRES-Logo-inverse.png 1440w\" sizes=\"auto, (max-width: 1024px) 100vw, 1024px\" \/><\/figure>\n<\/div>\n<\/div>\n<\/div>\n<\/div>\n\n\n\n<p><strong>Ic\u00f4ne <\/strong>: Une version simplifi\u00e9e du logo pour les favicons, avatars ou applications mobiles.<\/p>\n\n\n\n<div class=\"wp-block-columns has-background is-layout-flex wp-container-core-columns-is-layout-28f84493 wp-block-columns-is-layout-flex\" style=\"background-color:#acacac\">\n<div class=\"wp-block-column is-layout-flow wp-block-column-is-layout-flow\">\n<figure class=\"wp-block-image size-large\"><img loading=\"lazy\" decoding=\"async\" width=\"1024\" height=\"1024\" src=\"https:\/\/astres-espace.fr\/wp-content\/uploads\/2024\/08\/ASTRES-Logo-simplifie-1024x1024.png\" alt=\"\" class=\"wp-image-1032\" srcset=\"https:\/\/astres-espace.fr\/wp-content\/uploads\/2024\/08\/ASTRES-Logo-simplifie-1024x1024.png 1024w, https:\/\/astres-espace.fr\/wp-content\/uploads\/2024\/08\/ASTRES-Logo-simplifie-300x300.png 300w, https:\/\/astres-espace.fr\/wp-content\/uploads\/2024\/08\/ASTRES-Logo-simplifie-150x150.png 150w, https:\/\/astres-espace.fr\/wp-content\/uploads\/2024\/08\/ASTRES-Logo-simplifie-768x768.png 768w, https:\/\/astres-espace.fr\/wp-content\/uploads\/2024\/08\/ASTRES-Logo-simplifie.png 1440w\" sizes=\"auto, (max-width: 1024px) 100vw, 1024px\" \/><figcaption class=\"wp-element-caption\">Logo simplifi\u00e9 noir<\/figcaption><\/figure>\n<\/div>\n\n\n\n<div class=\"wp-block-column is-layout-flow wp-block-column-is-layout-flow\">\n<figure class=\"wp-block-image size-large\"><img loading=\"lazy\" decoding=\"async\" width=\"1024\" height=\"1024\" src=\"https:\/\/astres-espace.fr\/wp-content\/uploads\/2024\/08\/ASTRES-Logo-inverse-simplifie-1024x1024.png\" alt=\"\" class=\"wp-image-1035\" srcset=\"https:\/\/astres-espace.fr\/wp-content\/uploads\/2024\/08\/ASTRES-Logo-inverse-simplifie-1024x1024.png 1024w, https:\/\/astres-espace.fr\/wp-content\/uploads\/2024\/08\/ASTRES-Logo-inverse-simplifie-300x300.png 300w, https:\/\/astres-espace.fr\/wp-content\/uploads\/2024\/08\/ASTRES-Logo-inverse-simplifie-150x150.png 150w, https:\/\/astres-espace.fr\/wp-content\/uploads\/2024\/08\/ASTRES-Logo-inverse-simplifie-768x768.png 768w, https:\/\/astres-espace.fr\/wp-content\/uploads\/2024\/08\/ASTRES-Logo-inverse-simplifie.png 1440w\" sizes=\"auto, (max-width: 1024px) 100vw, 1024px\" \/><figcaption class=\"wp-element-caption\">Logo simplifi\u00e9 blanc<\/figcaption><\/figure>\n<\/div>\n<\/div>\n\n\n\n<div style=\"height:100px\" aria-hidden=\"true\" class=\"wp-block-spacer\"><\/div>\n\n\n\n<h2 class=\"wp-block-heading\">Quelques photos<\/h2>\n\n\n\n<div class=\"wp-block-group is-layout-constrained wp-block-group-is-layout-constrained\">\n<div class=\"wp-block-columns is-layout-flex wp-container-core-columns-is-layout-28f84493 wp-block-columns-is-layout-flex\">\n<div class=\"wp-block-column is-layout-flow wp-block-column-is-layout-flow\" style=\"flex-basis:33.33%\">\n<figure class=\"wp-block-image size-large\"><img loading=\"lazy\" decoding=\"async\" width=\"768\" height=\"1024\" src=\"https:\/\/astres-espace.fr\/wp-content\/uploads\/2024\/09\/WhatsApp-Image-2024-09-08-at-15.48.47-edited-768x1024.jpeg\" alt=\"\" class=\"wp-image-1152\" srcset=\"https:\/\/astres-espace.fr\/wp-content\/uploads\/2024\/09\/WhatsApp-Image-2024-09-08-at-15.48.47-edited-768x1024.jpeg 768w, https:\/\/astres-espace.fr\/wp-content\/uploads\/2024\/09\/WhatsApp-Image-2024-09-08-at-15.48.47-edited-225x300.jpeg 225w, https:\/\/astres-espace.fr\/wp-content\/uploads\/2024\/09\/WhatsApp-Image-2024-09-08-at-15.48.47-edited.jpeg 1152w\" sizes=\"auto, (max-width: 768px) 100vw, 768px\" \/><\/figure>\n<\/div>\n\n\n\n<div class=\"wp-block-column is-layout-flow wp-block-column-is-layout-flow\" style=\"flex-basis:66.66%\">\n<figure class=\"wp-block-image size-large is-resized\"><img loading=\"lazy\" decoding=\"async\" width=\"1024\" height=\"768\" src=\"https:\/\/astres-espace.fr\/wp-content\/uploads\/2025\/01\/1719474031258-1024x768.jpg\" alt=\"\" class=\"wp-image-1291\" style=\"width:425px;height:auto\" srcset=\"https:\/\/astres-espace.fr\/wp-content\/uploads\/2025\/01\/1719474031258-1024x768.jpg 1024w, https:\/\/astres-espace.fr\/wp-content\/uploads\/2025\/01\/1719474031258-300x225.jpg 300w, https:\/\/astres-espace.fr\/wp-content\/uploads\/2025\/01\/1719474031258-768x576.jpg 768w, https:\/\/astres-espace.fr\/wp-content\/uploads\/2025\/01\/1719474031258.jpg 1170w\" sizes=\"auto, (max-width: 1024px) 100vw, 1024px\" \/><\/figure>\n<\/div>\n<\/div>\n<\/div>\n\n\n\n<div class=\"wp-block-group is-nowrap is-layout-flex wp-container-core-group-is-layout-6c531013 wp-block-group-is-layout-flex\">\n<figure class=\"wp-block-image size-large\"><img loading=\"lazy\" decoding=\"async\" width=\"1024\" height=\"768\" src=\"https:\/\/astres-espace.fr\/wp-content\/uploads\/2024\/01\/1688657628174-1024x768.jpg\" alt=\"\" class=\"wp-image-496\" srcset=\"https:\/\/astres-espace.fr\/wp-content\/uploads\/2024\/01\/1688657628174-1024x768.jpg 1024w, https:\/\/astres-espace.fr\/wp-content\/uploads\/2024\/01\/1688657628174-300x225.jpg 300w, https:\/\/astres-espace.fr\/wp-content\/uploads\/2024\/01\/1688657628174-768x576.jpg 768w, https:\/\/astres-espace.fr\/wp-content\/uploads\/2024\/01\/1688657628174-1536x1152.jpg 1536w, https:\/\/astres-espace.fr\/wp-content\/uploads\/2024\/01\/1688657628174.jpg 1600w\" sizes=\"auto, (max-width: 1024px) 100vw, 1024px\" \/><\/figure>\n\n\n\n<div class=\"wp-block-group is-layout-constrained wp-block-group-is-layout-constrained\">\n<div class=\"wp-block-columns is-layout-flex wp-container-core-columns-is-layout-28f84493 wp-block-columns-is-layout-flex\">\n<div class=\"wp-block-column is-layout-flow wp-block-column-is-layout-flow\" style=\"flex-basis:66.66%\">\n<figure class=\"wp-block-image size-full\"><img loading=\"lazy\" decoding=\"async\" width=\"448\" height=\"597\" src=\"https:\/\/astres-espace.fr\/wp-content\/uploads\/2024\/03\/916dacd6-72f6-42fc-a42c-3281b3187ef9.webp\" alt=\"\" class=\"wp-image-729\" srcset=\"https:\/\/astres-espace.fr\/wp-content\/uploads\/2024\/03\/916dacd6-72f6-42fc-a42c-3281b3187ef9.webp 448w, https:\/\/astres-espace.fr\/wp-content\/uploads\/2024\/03\/916dacd6-72f6-42fc-a42c-3281b3187ef9-225x300.webp 225w\" sizes=\"auto, (max-width: 448px) 100vw, 448px\" \/><\/figure>\n<\/div>\n<\/div>\n<\/div>\n<\/div>\n","protected":false},"excerpt":{"rendered":"<p>Le kit de presse officiel d\u2019ASTRES : photos, logos, typos, tout est \u00e0 votre disposition. Utilisez ces photos et informations \u00e0 votre guise, dans vos diff\u00e9rents m\u00e9dias. Retrouvez aussi sur cette page, nos derni\u00e8res apparitions remarqu\u00e9es dans la presse ! ASTRES en quelques mots ASTRES est le collectif de r\u00e9f\u00e9rence de la jeune g\u00e9n\u00e9ration du [&hellip;]<\/p>\n","protected":false},"author":1,"featured_media":0,"parent":0,"menu_order":0,"comment_status":"closed","ping_status":"closed","template":"","meta":{"footnotes":""},"class_list":["post-1614","page","type-page","status-publish","hentry"],"_links":{"self":[{"href":"https:\/\/astres-espace.fr\/index.php\/wp-json\/wp\/v2\/pages\/1614","targetHints":{"allow":["GET"]}}],"collection":[{"href":"https:\/\/astres-espace.fr\/index.php\/wp-json\/wp\/v2\/pages"}],"about":[{"href":"https:\/\/astres-espace.fr\/index.php\/wp-json\/wp\/v2\/types\/page"}],"author":[{"embeddable":true,"href":"https:\/\/astres-espace.fr\/index.php\/wp-json\/wp\/v2\/users\/1"}],"replies":[{"embeddable":true,"href":"https:\/\/astres-espace.fr\/index.php\/wp-json\/wp\/v2\/comments?post=1614"}],"version-history":[{"count":2,"href":"https:\/\/astres-espace.fr\/index.php\/wp-json\/wp\/v2\/pages\/1614\/revisions"}],"predecessor-version":[{"id":2493,"href":"https:\/\/astres-espace.fr\/index.php\/wp-json\/wp\/v2\/pages\/1614\/revisions\/2493"}],"wp:attachment":[{"href":"https:\/\/astres-espace.fr\/index.php\/wp-json\/wp\/v2\/media?parent=1614"}],"curies":[{"name":"wp","href":"https:\/\/api.w.org\/{rel}","templated":true}]}}